{"id":1324,"date":"2023-04-24T13:39:47","date_gmt":"2023-04-24T13:39:47","guid":{"rendered":"https:\/\/oparitu.maiteestetika.eus\/?post_type=product&#038;p=1324"},"modified":"2025-04-01T05:45:13","modified_gmt":"2025-04-01T05:45:13","slug":"manicura","status":"publish","type":"product","link":"https:\/\/oparitu.maiteestetika.eus\/es\/product\/manicura\/","title":{"rendered":"Manicura"},"content":{"rendered":"","protected":false},"excerpt":{"rendered":"<p><span style=\"font-weight: 400;\">La manicura es un tratamiento de belleza y cuidado de las u\u00f1as de las manos que incluye limado, pulido, hidrataci\u00f3n y esmaltado a gusto del cliente: e<\/span>n general, una manicura normal comienza con la eliminaci\u00f3n del esmalte de u\u00f1as anterior y la limpieza de las u\u00f1as. Luego se sumergen las manos en agua tibia o se aplica una loci\u00f3n suavizante para ablandar las cut\u00edculas y piel muerta de alrededor de las u\u00f1as. Las cut\u00edculas se empujan suavemente hacia atr\u00e1s con una herramienta especial y se cortan si es necesario. Luego se liman y dan forma a las u\u00f1as seg\u00fan las preferencias del cliente. Despu\u00e9s, se aplica una base de esmalte para proteger las u\u00f1as y mejorar la adherencia del esmalte de u\u00f1as. Despu\u00e9s de aplicar el esmalte, se puede utilizar una capa superior para sellar y proteger el color. Una vez que el esmalte est\u00e1 seco, se pueden aplicar aceites y cremas hidratantes para las manos para completar el tratamiento<\/p>\n<p><span style=\"font-weight: 400;\">Puedes regalar una manicura normal, una manicura francesa o una manicura semi permanente.<\/span><\/p>\n","protected":false},"featured_media":1330,"comment_status":"closed","ping_status":"closed","template":"","meta":[],"product_brand":[],"product_cat":[56],"product_tag":[],"class_list":{"0":"post-1324","1":"product","2":"type-product","3":"status-publish","4":"has-post-thumbnail","6":"product_cat-tratamientos-de-belleza","8":"first","9":"instock","10":"sold-individually","11":"taxable","12":"shipping-taxable","13":"purchasable","14":"product-type-variable"},"yoast_head":"<!-- This site is optimized with the Yoast SEO plugin v27.1.1 - https:\/\/yoast.com\/product\/yoast-seo-wordpress\/ -->\n<title>Bono regalo - Lifting pesta\u00f1as | Maite Est\u00e9tica (Tolosa)<\/title>\n<meta name=\"description\" content=\"Bono regalo - Lifting pesta\u00f1as | Maite Est\u00e9tica (Tolosa)\" \/>\n<meta name=\"robots\" content=\"index, follow, max-snippet:-1, max-image-preview:large, max-video-preview:-1\" \/>\n<link rel=\"canonical\" href=\"https:\/\/oparitu.maiteestetika.eus\/es\/product\/manicura\/\" \/>\n<meta property=\"og:locale\" content=\"es_ES\" \/>\n<meta property=\"og:type\" content=\"article\" \/>\n<meta property=\"og:title\" content=\"Bono regalo - Lifting pesta\u00f1as | Maite Est\u00e9tica (Tolosa)\" \/>\n<meta property=\"og:description\" content=\"Bono regalo - Lifting pesta\u00f1as | Maite Est\u00e9tica (Tolosa)\" \/>\n<meta property=\"og:url\" content=\"https:\/\/oparitu.maiteestetika.eus\/es\/product\/manicura\/\" \/>\n<meta property=\"og:site_name\" content=\"Bonos regalo | Maite Estetika\" \/>\n<meta property=\"article:modified_time\" content=\"2025-04-01T05:45:13+00:00\" \/>\n<meta property=\"og:image\" content=\"https:\/\/oparitu.maiteestetika.eus\/wp-content\/uploads\/2023\/04\/Argazkiak_Maite-web-4-819x1024.png\" \/>\n\t<meta property=\"og:image:width\" content=\"819\" \/>\n\t<meta property=\"og:image:height\" content=\"1024\" \/>\n\t<meta property=\"og:image:type\" content=\"image\/png\" \/>\n<meta name=\"twitter:card\" content=\"summary_large_image\" \/>\n<meta name=\"twitter:label1\" content=\"Tiempo de lectura\" \/>\n\t<meta name=\"twitter:data1\" content=\"1 minuto\" \/>\n<script type=\"application\/ld+json\" class=\"yoast-schema-graph\">{\"@context\":\"https:\/\/schema.org\",\"@graph\":[{\"@type\":\"WebPage\",\"@id\":\"https:\/\/oparitu.maiteestetika.eus\/es\/product\/manicura\/\",\"url\":\"https:\/\/oparitu.maiteestetika.eus\/es\/product\/manicura\/\",\"name\":\"Bono regalo - Lifting pesta\u00f1as | Maite Est\u00e9tica (Tolosa)\",\"isPartOf\":{\"@id\":\"https:\/\/oparitu.maiteestetika.eus\/#website\"},\"primaryImageOfPage\":{\"@id\":\"https:\/\/oparitu.maiteestetika.eus\/es\/product\/manicura\/#primaryimage\"},\"image\":{\"@id\":\"https:\/\/oparitu.maiteestetika.eus\/es\/product\/manicura\/#primaryimage\"},\"thumbnailUrl\":\"https:\/\/oparitu.maiteestetika.eus\/wp-content\/uploads\/2023\/04\/Argazkiak_Maite-web-4.png\",\"datePublished\":\"2023-04-24T13:39:47+00:00\",\"dateModified\":\"2025-04-01T05:45:13+00:00\",\"description\":\"Bono regalo - Lifting pesta\u00f1as | Maite Est\u00e9tica (Tolosa)\",\"breadcrumb\":{\"@id\":\"https:\/\/oparitu.maiteestetika.eus\/es\/product\/manicura\/#breadcrumb\"},\"inLanguage\":\"es\",\"potentialAction\":[{\"@type\":\"ReadAction\",\"target\":[\"https:\/\/oparitu.maiteestetika.eus\/es\/product\/manicura\/\"]}]},{\"@type\":\"ImageObject\",\"inLanguage\":\"es\",\"@id\":\"https:\/\/oparitu.maiteestetika.eus\/es\/product\/manicura\/#primaryimage\",\"url\":\"https:\/\/oparitu.maiteestetika.eus\/wp-content\/uploads\/2023\/04\/Argazkiak_Maite-web-4.png\",\"contentUrl\":\"https:\/\/oparitu.maiteestetika.eus\/wp-content\/uploads\/2023\/04\/Argazkiak_Maite-web-4.png\",\"width\":2160,\"height\":2700,\"caption\":\"Manicura - Maite Est\u00e9tica Tolosa\"},{\"@type\":\"BreadcrumbList\",\"@id\":\"https:\/\/oparitu.maiteestetika.eus\/es\/product\/manicura\/#breadcrumb\",\"itemListElement\":[{\"@type\":\"ListItem\",\"position\":1,\"name\":\"Home\",\"item\":\"https:\/\/oparitu.maiteestetika.eus\/\"},{\"@type\":\"ListItem\",\"position\":2,\"name\":\"Tienda\",\"item\":\"https:\/\/oparitu.maiteestetika.eus\/\"},{\"@type\":\"ListItem\",\"position\":3,\"name\":\"Manicura\"}]},{\"@type\":\"WebSite\",\"@id\":\"https:\/\/oparitu.maiteestetika.eus\/#website\",\"url\":\"https:\/\/oparitu.maiteestetika.eus\/\",\"name\":\"Opari txartelak | Maite Estetika\",\"description\":\"\",\"publisher\":{\"@id\":\"https:\/\/oparitu.maiteestetika.eus\/#organization\"},\"potentialAction\":[{\"@type\":\"SearchAction\",\"target\":{\"@type\":\"EntryPoint\",\"urlTemplate\":\"https:\/\/oparitu.maiteestetika.eus\/?s={search_term_string}\"},\"query-input\":{\"@type\":\"PropertyValueSpecification\",\"valueRequired\":true,\"valueName\":\"search_term_string\"}}],\"inLanguage\":\"es\"},{\"@type\":\"Organization\",\"@id\":\"https:\/\/oparitu.maiteestetika.eus\/#organization\",\"name\":\"Opari txartelak | Maite Estetika\",\"url\":\"https:\/\/oparitu.maiteestetika.eus\/\",\"logo\":{\"@type\":\"ImageObject\",\"inLanguage\":\"es\",\"@id\":\"https:\/\/oparitu.maiteestetika.eus\/#\/schema\/logo\/image\/\",\"url\":\"https:\/\/oparitu.maiteestetika.eus\/wp-content\/uploads\/2023\/04\/logo-maite.png\",\"contentUrl\":\"https:\/\/oparitu.maiteestetika.eus\/wp-content\/uploads\/2023\/04\/logo-maite.png\",\"width\":1000,\"height\":382,\"caption\":\"Opari txartelak | Maite Estetika\"},\"image\":{\"@id\":\"https:\/\/oparitu.maiteestetika.eus\/#\/schema\/logo\/image\/\"}}]}<\/script>\n<!-- \/ Yoast SEO plugin. -->","yoast_head_json":{"title":"Bono regalo - Lifting pesta\u00f1as | Maite Est\u00e9tica (Tolosa)","description":"Bono regalo - Lifting pesta\u00f1as | Maite Est\u00e9tica (Tolosa)","robots":{"index":"index","follow":"follow","max-snippet":"max-snippet:-1","max-image-preview":"max-image-preview:large","max-video-preview":"max-video-preview:-1"},"canonical":"https:\/\/oparitu.maiteestetika.eus\/es\/product\/manicura\/","og_locale":"es_ES","og_type":"article","og_title":"Bono regalo - Lifting pesta\u00f1as | Maite Est\u00e9tica (Tolosa)","og_description":"Bono regalo - Lifting pesta\u00f1as | Maite Est\u00e9tica (Tolosa)","og_url":"https:\/\/oparitu.maiteestetika.eus\/es\/product\/manicura\/","og_site_name":"Bonos regalo | Maite Estetika","article_modified_time":"2025-04-01T05:45:13+00:00","og_image":[{"width":819,"height":1024,"url":"https:\/\/oparitu.maiteestetika.eus\/wp-content\/uploads\/2023\/04\/Argazkiak_Maite-web-4-819x1024.png","type":"image\/png"}],"twitter_card":"summary_large_image","twitter_misc":{"Tiempo de lectura":"1 minuto"},"schema":{"@context":"https:\/\/schema.org","@graph":[{"@type":"WebPage","@id":"https:\/\/oparitu.maiteestetika.eus\/es\/product\/manicura\/","url":"https:\/\/oparitu.maiteestetika.eus\/es\/product\/manicura\/","name":"Bono regalo - Lifting pesta\u00f1as | Maite Est\u00e9tica (Tolosa)","isPartOf":{"@id":"https:\/\/oparitu.maiteestetika.eus\/#website"},"primaryImageOfPage":{"@id":"https:\/\/oparitu.maiteestetika.eus\/es\/product\/manicura\/#primaryimage"},"image":{"@id":"https:\/\/oparitu.maiteestetika.eus\/es\/product\/manicura\/#primaryimage"},"thumbnailUrl":"https:\/\/oparitu.maiteestetika.eus\/wp-content\/uploads\/2023\/04\/Argazkiak_Maite-web-4.png","datePublished":"2023-04-24T13:39:47+00:00","dateModified":"2025-04-01T05:45:13+00:00","description":"Bono regalo - Lifting pesta\u00f1as | Maite Est\u00e9tica (Tolosa)","breadcrumb":{"@id":"https:\/\/oparitu.maiteestetika.eus\/es\/product\/manicura\/#breadcrumb"},"inLanguage":"es","potentialAction":[{"@type":"ReadAction","target":["https:\/\/oparitu.maiteestetika.eus\/es\/product\/manicura\/"]}]},{"@type":"ImageObject","inLanguage":"es","@id":"https:\/\/oparitu.maiteestetika.eus\/es\/product\/manicura\/#primaryimage","url":"https:\/\/oparitu.maiteestetika.eus\/wp-content\/uploads\/2023\/04\/Argazkiak_Maite-web-4.png","contentUrl":"https:\/\/oparitu.maiteestetika.eus\/wp-content\/uploads\/2023\/04\/Argazkiak_Maite-web-4.png","width":2160,"height":2700,"caption":"Manicura - Maite Est\u00e9tica Tolosa"},{"@type":"BreadcrumbList","@id":"https:\/\/oparitu.maiteestetika.eus\/es\/product\/manicura\/#breadcrumb","itemListElement":[{"@type":"ListItem","position":1,"name":"Home","item":"https:\/\/oparitu.maiteestetika.eus\/"},{"@type":"ListItem","position":2,"name":"Tienda","item":"https:\/\/oparitu.maiteestetika.eus\/"},{"@type":"ListItem","position":3,"name":"Manicura"}]},{"@type":"WebSite","@id":"https:\/\/oparitu.maiteestetika.eus\/#website","url":"https:\/\/oparitu.maiteestetika.eus\/","name":"Opari txartelak | Maite Estetika","description":"","publisher":{"@id":"https:\/\/oparitu.maiteestetika.eus\/#organization"},"potentialAction":[{"@type":"SearchAction","target":{"@type":"EntryPoint","urlTemplate":"https:\/\/oparitu.maiteestetika.eus\/?s={search_term_string}"},"query-input":{"@type":"PropertyValueSpecification","valueRequired":true,"valueName":"search_term_string"}}],"inLanguage":"es"},{"@type":"Organization","@id":"https:\/\/oparitu.maiteestetika.eus\/#organization","name":"Opari txartelak | Maite Estetika","url":"https:\/\/oparitu.maiteestetika.eus\/","logo":{"@type":"ImageObject","inLanguage":"es","@id":"https:\/\/oparitu.maiteestetika.eus\/#\/schema\/logo\/image\/","url":"https:\/\/oparitu.maiteestetika.eus\/wp-content\/uploads\/2023\/04\/logo-maite.png","contentUrl":"https:\/\/oparitu.maiteestetika.eus\/wp-content\/uploads\/2023\/04\/logo-maite.png","width":1000,"height":382,"caption":"Opari txartelak | Maite Estetika"},"image":{"@id":"https:\/\/oparitu.maiteestetika.eus\/#\/schema\/logo\/image\/"}}]}},"_links":{"self":[{"href":"https:\/\/oparitu.maiteestetika.eus\/es\/wp-json\/wp\/v2\/product\/1324","targetHints":{"allow":["GET"]}}],"collection":[{"href":"https:\/\/oparitu.maiteestetika.eus\/es\/wp-json\/wp\/v2\/product"}],"about":[{"href":"https:\/\/oparitu.maiteestetika.eus\/es\/wp-json\/wp\/v2\/types\/product"}],"replies":[{"embeddable":true,"href":"https:\/\/oparitu.maiteestetika.eus\/es\/wp-json\/wp\/v2\/comments?post=1324"}],"wp:featuredmedia":[{"embeddable":true,"href":"https:\/\/oparitu.maiteestetika.eus\/es\/wp-json\/wp\/v2\/media\/1330"}],"wp:attachment":[{"href":"https:\/\/oparitu.maiteestetika.eus\/es\/wp-json\/wp\/v2\/media?parent=1324"}],"wp:term":[{"taxonomy":"product_brand","embeddable":true,"href":"https:\/\/oparitu.maiteestetika.eus\/es\/wp-json\/wp\/v2\/product_brand?post=1324"},{"taxonomy":"product_cat","embeddable":true,"href":"https:\/\/oparitu.maiteestetika.eus\/es\/wp-json\/wp\/v2\/product_cat?post=1324"},{"taxonomy":"product_tag","embeddable":true,"href":"https:\/\/oparitu.maiteestetika.eus\/es\/wp-json\/wp\/v2\/product_tag?post=1324"}],"curies":[{"name":"wp","href":"https:\/\/api.w.org\/{rel}","templated":true}]}}